{"id":5885,"date":"2023-09-05T06:44:38","date_gmt":"2023-09-05T03:44:38","guid":{"rendered":"https:\/\/store.visasconcept.com\/?post_type=product&#038;p=5885"},"modified":"2023-09-05T06:45:20","modified_gmt":"2023-09-05T03:45:20","slug":"tolga-nurdag-ozel-uretim","status":"publish","type":"product","link":"https:\/\/store.visasconcept.com\/index.php\/urun\/tolga-nurdag-ozel-uretim\/","title":{"rendered":"Tolga Nurda\u011f \u00d6zel \u00dcretim"},"content":{"rendered":"<p><img loading=\"lazy\" decoding=\"async\" class=\"alignnone size-medium wp-image-8782\" src=\"https:\/\/visasconcept.com\/wp-content\/uploads\/2023\/08\/553AB3CB-FB63-4F08-9FD1-7F5D2A91DDFD-300x244.jpeg\" alt=\"\" width=\"300\" height=\"244\" \/><\/p>\n","protected":false},"excerpt":{"rendered":"<p>\u00d6ZELL\u0130KLER\u0130<\/p>\n<p>AYCAN MUTFAK \u00d6ZELL\u0130KLER\u0130NDE<\/p>\n<p>ALT KAPAKLAR ANTRAS\u0130T HG<\/p>\n<p>\u00dcST KAPAKLAR BEYAZ HG<\/p>\n<p>\u00e7ekmece mod\u00fcl\u00fc 2 \u00c7ekmeceli<\/p>\n<p>60&#8217;L\u0131k Boy Dolab\u0131 \u0130lave kiler<\/p>\n<p>280 Cm Siyah Tezgah \u0130lave<\/p>\n","protected":false},"featured_media":0,"comment_status":"closed","ping_status":"closed","template":"","meta":{"site-sidebar-layout":"default","site-content-layout":"","ast-site-content-layout":"","site-content-style":"default","site-sidebar-style":"default","ast-global-header-display":"","ast-banner-title-visibility":"","ast-main-header-display":"","ast-hfb-above-header-display":"","ast-hfb-below-header-display":"","ast-hfb-mobile-header-display":"","site-post-title":"","ast-breadcrumbs-content":"","ast-featured-img":"","footer-sml-layout":"","theme-transparent-header-meta":"","adv-header-id-meta":"","stick-header-meta":"","header-above-stick-meta":"","header-main-stick-meta":"","header-below-stick-meta":"","astra-migrate-meta-layouts":""},"product_cat":[24],"product_tag":[],"class_list":["post-5885","product","type-product","status-publish","hentry","product_cat-mutfak","desktop-align-center","tablet-align-center","mobile-align-center"],"_links":{"self":[{"href":"https:\/\/store.visasconcept.com\/index.php\/wp-json\/wp\/v2\/product\/5885","targetHints":{"allow":["GET"]}}],"collection":[{"href":"https:\/\/store.visasconcept.com\/index.php\/wp-json\/wp\/v2\/product"}],"about":[{"href":"https:\/\/store.visasconcept.com\/index.php\/wp-json\/wp\/v2\/types\/product"}],"replies":[{"embeddable":true,"href":"https:\/\/store.visasconcept.com\/index.php\/wp-json\/wp\/v2\/comments?post=5885"}],"wp:attachment":[{"href":"https:\/\/store.visasconcept.com\/index.php\/wp-json\/wp\/v2\/media?parent=5885"}],"wp:term":[{"taxonomy":"product_cat","embeddable":true,"href":"https:\/\/store.visasconcept.com\/index.php\/wp-json\/wp\/v2\/product_cat?post=5885"},{"taxonomy":"product_tag","embeddable":true,"href":"https:\/\/store.visasconcept.com\/index.php\/wp-json\/wp\/v2\/product_tag?post=5885"}],"curies":[{"name":"wp","href":"https:\/\/api.w.org\/{rel}","templated":true}]}}