{"id":5884,"date":"2023-09-05T06:44:38","date_gmt":"2023-09-05T03:44:38","guid":{"rendered":"https:\/\/store.visasconcept.com\/?post_type=product&#038;p=5884"},"modified":"2023-09-05T06:45:20","modified_gmt":"2023-09-05T03:45:20","slug":"oktay-camur-ozel-siparis","status":"publish","type":"product","link":"https:\/\/store.visasconcept.com\/index.php\/urun\/oktay-camur-ozel-siparis\/","title":{"rendered":"OKTAY \u00c7AMUR &#8211; \u00d6ZEL S\u0130PAR\u0130\u015e"},"content":{"rendered":"","protected":false},"excerpt":{"rendered":"<p>1-TEZGAH<\/p>\n<p>2-KAPAKLAR HIGH-GLOSS<\/p>\n<p>3-320cm V\u0130SAS MUTFAK DOLABI<\/p>\n","protected":false},"featured_media":5582,"comment_status":"closed","ping_status":"closed","template":"","meta":{"site-sidebar-layout":"default","site-content-layout":"","ast-site-content-layout":"","site-content-style":"default","site-sidebar-style":"default","ast-global-header-display":"","ast-banner-title-visibility":"","ast-main-header-display":"","ast-hfb-above-header-display":"","ast-hfb-below-header-display":"","ast-hfb-mobile-header-display":"","site-post-title":"","ast-breadcrumbs-content":"","ast-featured-img":"","footer-sml-layout":"","theme-transparent-header-meta":"","adv-header-id-meta":"","stick-header-meta":"","header-above-stick-meta":"","header-main-stick-meta":"","header-below-stick-meta":"","astra-migrate-meta-layouts":""},"product_cat":[24],"product_tag":[],"class_list":["post-5884","product","type-product","status-publish","has-post-thumbnail","hentry","product_cat-mutfak","desktop-align-center","tablet-align-center","mobile-align-center"],"_links":{"self":[{"href":"https:\/\/store.visasconcept.com\/index.php\/wp-json\/wp\/v2\/product\/5884","targetHints":{"allow":["GET"]}}],"collection":[{"href":"https:\/\/store.visasconcept.com\/index.php\/wp-json\/wp\/v2\/product"}],"about":[{"href":"https:\/\/store.visasconcept.com\/index.php\/wp-json\/wp\/v2\/types\/product"}],"replies":[{"embeddable":true,"href":"https:\/\/store.visasconcept.com\/index.php\/wp-json\/wp\/v2\/comments?post=5884"}],"wp:featuredmedia":[{"embeddable":true,"href":"https:\/\/store.visasconcept.com\/index.php\/wp-json\/wp\/v2\/media\/5582"}],"wp:attachment":[{"href":"https:\/\/store.visasconcept.com\/index.php\/wp-json\/wp\/v2\/media?parent=5884"}],"wp:term":[{"taxonomy":"product_cat","embeddable":true,"href":"https:\/\/store.visasconcept.com\/index.php\/wp-json\/wp\/v2\/product_cat?post=5884"},{"taxonomy":"product_tag","embeddable":true,"href":"https:\/\/store.visasconcept.com\/index.php\/wp-json\/wp\/v2\/product_tag?post=5884"}],"curies":[{"name":"wp","href":"https:\/\/api.w.org\/{rel}","templated":true}]}}