{"id":5883,"date":"2023-09-05T06:44:38","date_gmt":"2023-09-05T03:44:38","guid":{"rendered":"https:\/\/store.visasconcept.com\/?post_type=product&#038;p=5883"},"modified":"2023-09-05T06:45:20","modified_gmt":"2023-09-05T03:45:20","slug":"ozel-siparis-svs-insaat","status":"publish","type":"product","link":"https:\/\/store.visasconcept.com\/index.php\/urun\/ozel-siparis-svs-insaat\/","title":{"rendered":"\u00d6ZEL S\u0130PAR\u0130\u015e &#8211; SVS \u0130N\u015eAAT"},"content":{"rendered":"","protected":false},"excerpt":{"rendered":"<p>1-260cm Haz\u0131r Mutfak Dolab\u0131<\/p>\n<p>2-180cm Haz\u0131r Mutfak Dolab\u0131<\/p>\n<p>3- 2 adet bo\u015f 60&#8217;lik mod\u00fcl<\/p>\n<p>4-260cm Laminat Tezgah<\/p>\n<p>5-180m Laminat Tezgah<\/p>\n","protected":false},"featured_media":5605,"comment_status":"closed","ping_status":"closed","template":"","meta":{"site-sidebar-layout":"default","site-content-layout":"","ast-site-content-layout":"","site-content-style":"default","site-sidebar-style":"default","ast-global-header-display":"","ast-banner-title-visibility":"","ast-main-header-display":"","ast-hfb-above-header-display":"","ast-hfb-below-header-display":"","ast-hfb-mobile-header-display":"","site-post-title":"","ast-breadcrumbs-content":"","ast-featured-img":"","footer-sml-layout":"","theme-transparent-header-meta":"","adv-header-id-meta":"","stick-header-meta":"","header-above-stick-meta":"","header-main-stick-meta":"","header-below-stick-meta":"","astra-migrate-meta-layouts":""},"product_cat":[35],"product_tag":[],"class_list":["post-5883","product","type-product","status-publish","has-post-thumbnail","hentry","product_cat-ozel-uretim-mutfak-dolaplari","desktop-align-center","tablet-align-center","mobile-align-center"],"_links":{"self":[{"href":"https:\/\/store.visasconcept.com\/index.php\/wp-json\/wp\/v2\/product\/5883","targetHints":{"allow":["GET"]}}],"collection":[{"href":"https:\/\/store.visasconcept.com\/index.php\/wp-json\/wp\/v2\/product"}],"about":[{"href":"https:\/\/store.visasconcept.com\/index.php\/wp-json\/wp\/v2\/types\/product"}],"replies":[{"embeddable":true,"href":"https:\/\/store.visasconcept.com\/index.php\/wp-json\/wp\/v2\/comments?post=5883"}],"wp:featuredmedia":[{"embeddable":true,"href":"https:\/\/store.visasconcept.com\/index.php\/wp-json\/wp\/v2\/media\/5605"}],"wp:attachment":[{"href":"https:\/\/store.visasconcept.com\/index.php\/wp-json\/wp\/v2\/media?parent=5883"}],"wp:term":[{"taxonomy":"product_cat","embeddable":true,"href":"https:\/\/store.visasconcept.com\/index.php\/wp-json\/wp\/v2\/product_cat?post=5883"},{"taxonomy":"product_tag","embeddable":true,"href":"https:\/\/store.visasconcept.com\/index.php\/wp-json\/wp\/v2\/product_tag?post=5883"}],"curies":[{"name":"wp","href":"https:\/\/api.w.org\/{rel}","templated":true}]}}