{"id":5882,"date":"2023-09-05T06:44:38","date_gmt":"2023-09-05T03:44:38","guid":{"rendered":"https:\/\/store.visasconcept.com\/?post_type=product&#038;p=5882"},"modified":"2023-09-05T06:45:19","modified_gmt":"2023-09-05T03:45:19","slug":"a-can-akman-ozel-uretim-mutfak-takimi","status":"publish","type":"product","link":"https:\/\/store.visasconcept.com\/index.php\/urun\/a-can-akman-ozel-uretim-mutfak-takimi\/","title":{"rendered":"A.Can Akman \u00d6zel \u00dcretim Mutfak Tak\u0131m\u0131"},"content":{"rendered":"","protected":false},"excerpt":{"rendered":"","protected":false},"featured_media":5904,"comment_status":"closed","ping_status":"closed","template":"","meta":{"site-sidebar-layout":"default","site-content-layout":"","ast-site-content-layout":"","site-content-style":"default","site-sidebar-style":"default","ast-global-header-display":"","ast-banner-title-visibility":"","ast-main-header-display":"","ast-hfb-above-header-display":"","ast-hfb-below-header-display":"","ast-hfb-mobile-header-display":"","site-post-title":"","ast-breadcrumbs-content":"","ast-featured-img":"","footer-sml-layout":"","theme-transparent-header-meta":"","adv-header-id-meta":"","stick-header-meta":"","header-above-stick-meta":"","header-main-stick-meta":"","header-below-stick-meta":"","astra-migrate-meta-layouts":""},"product_cat":[24],"product_tag":[],"class_list":["post-5882","product","type-product","status-publish","has-post-thumbnail","hentry","product_cat-mutfak","desktop-align-center","tablet-align-center","mobile-align-center"],"_links":{"self":[{"href":"https:\/\/store.visasconcept.com\/index.php\/wp-json\/wp\/v2\/product\/5882","targetHints":{"allow":["GET"]}}],"collection":[{"href":"https:\/\/store.visasconcept.com\/index.php\/wp-json\/wp\/v2\/product"}],"about":[{"href":"https:\/\/store.visasconcept.com\/index.php\/wp-json\/wp\/v2\/types\/product"}],"replies":[{"embeddable":true,"href":"https:\/\/store.visasconcept.com\/index.php\/wp-json\/wp\/v2\/comments?post=5882"}],"wp:featuredmedia":[{"embeddable":true,"href":"https:\/\/store.visasconcept.com\/index.php\/wp-json\/wp\/v2\/media\/5904"}],"wp:attachment":[{"href":"https:\/\/store.visasconcept.com\/index.php\/wp-json\/wp\/v2\/media?parent=5882"}],"wp:term":[{"taxonomy":"product_cat","embeddable":true,"href":"https:\/\/store.visasconcept.com\/index.php\/wp-json\/wp\/v2\/product_cat?post=5882"},{"taxonomy":"product_tag","embeddable":true,"href":"https:\/\/store.visasconcept.com\/index.php\/wp-json\/wp\/v2\/product_tag?post=5882"}],"curies":[{"name":"wp","href":"https:\/\/api.w.org\/{rel}","templated":true}]}}