{"id":5858,"date":"2023-09-05T06:44:15","date_gmt":"2023-09-05T03:44:15","guid":{"rendered":"https:\/\/store.visasconcept.com\/?post_type=product&#038;p=5858"},"modified":"2023-09-05T06:44:47","modified_gmt":"2023-09-05T03:44:47","slug":"reyhan-80lik-hazir-banyo-dolabi-duz-lavabolu-ve-aynali","status":"publish","type":"product","link":"https:\/\/store.visasconcept.com\/index.php\/urun\/reyhan-80lik-hazir-banyo-dolabi-duz-lavabolu-ve-aynali\/","title":{"rendered":"REYHAN 80&#8217;L\u0130K HAZIR BANYO DOLABI D\u00dcZ LAVABOLU VE AYNALI"},"content":{"rendered":"<h1><strong>REYHAN HAZIR BANYO DOLABI I LAVABOLU, AYNALI, BOY DOLAPLI<\/strong><\/h1>\n<h3><strong>\u00dcr\u00fcn\u00fcm\u00fcze neler dahil?<\/strong><\/h3>\n<ul>\n<li>\n<h5>\u00dcr\u00fcn\u00fcm\u00fcze ayna, seramik lavabo ve kulplar dahildir.<\/h5>\n<\/li>\n<\/ul>\n<h3><strong>\u00dcr\u00fcn\u00fcm\u00fcze neler dahil de\u011fildir?<\/strong><\/h3>\n<ul>\n<li>\n<h5>\u00dcr\u00fcn\u00fcm\u00fcze batarya, klozet dahil de\u011fildir.<\/h5>\n<\/li>\n<\/ul>\n<h3><strong>\u00dcr\u00fcnler Monte mi Demonte mi?<\/strong><\/h3>\n<ul>\n<li>\n<h5>\u00dcr\u00fcnlerimiz kurulu bir \u015fekilde m\u00fc\u015fterilerimize g\u00f6nderilmektedir. M\u00fc\u015fterimiz \u00fcr\u00fcn\u00fc kutudan \u00e7\u0131kard\u0131\u011f\u0131 gibi duvara monte edilebilmektedir.<\/h5>\n<\/li>\n<\/ul>\n<h4><strong>KARGO S\u00dcREC\u0130 &amp; TESL\u0130MAT S\u00dcRES\u0130<\/strong><\/h4>\n<ul>\n<li>\n<h5>Visas Concept, MNG Kargo ile \u00e7al\u0131\u015fmaktad\u0131r. Marmara, Ege ve Akdeniz b\u00f6lgesine 1 i\u015f g\u00fcn\u00fc i\u00e7erisinde, \u0130\u00e7 anadolu, Karadeniz, Trakya b\u00f6lgesine 3\u00a0i\u015f g\u00fcn\u00fc i\u00e7erisinde ve Do\u011fu b\u00f6lgesine ise 3 i\u015f g\u00fcn\u00fc i\u00e7erisinde kargo teslimi yap\u0131lmaktad\u0131r.<\/h5>\n<\/li>\n<li>\n<h5>\u00dcr\u00fcnlerimiz sipari\u015f olu\u015fturulduktan sonra en ge\u00e7 2 i\u015f g\u00fcn\u00fc i\u00e7erisinde kargoya verilmektedir.<\/h5>\n<\/li>\n<\/ul>\n<h4><strong>\u00dcR\u00dcNLERDE K\u0130\u015e\u0130SELLE\u015eT\u0130RME<\/strong><\/h4>\n<ul>\n<li>\n<h5>Sipari\u015f verilmeden \u00f6nce ilave mod\u00fcl ekleyebilirler.<\/h5>\n<\/li>\n<\/ul>\n<h4><strong>\u00d6L\u00c7\u00dcLER<\/strong><\/h4>\n<ul>\n<li>\n<h5>\u00dcst Mod\u00fcl: Boy: 60 CM, Geni\u015flik: 75 CM<\/h5>\n<\/li>\n<li>\n<h5>Alt Mod\u00fcl: Boy: 53+(5 CM Lavabo) Geni\u015flik: 78 CM, Lavabo ile Kapak aras\u0131: 15 CM<\/h5>\n<\/li>\n<\/ul>\n<p>&nbsp;<\/p>\n","protected":false},"excerpt":{"rendered":"<p>REYHAN HAZIR BANYO DOLABI I LAVABOLU, AYNALI, BOY DOLAPLI \u00dcr\u00fcn\u00fcm\u00fcze neler dahil? \u00dcr\u00fcn\u00fcm\u00fcze ayna, seramik lavabo ve kulplar dahildir. \u00dcr\u00fcn\u00fcm\u00fcze neler dahil de\u011fildir? \u00dcr\u00fcn\u00fcm\u00fcze batarya, klozet dahil de\u011fildir. \u00dcr\u00fcnler Monte mi Demonte mi? \u00dcr\u00fcnlerimiz kurulu bir \u015fekilde m\u00fc\u015fterilerimize g\u00f6nderilmektedir. M\u00fc\u015fterimiz \u00fcr\u00fcn\u00fc kutudan \u00e7\u0131kard\u0131\u011f\u0131 gibi duvara monte edilebilmektedir. KARGO S\u00dcREC\u0130 &amp; TESL\u0130MAT S\u00dcRES\u0130 Visas Concept, MNG &hellip;<\/p>\n<p class=\"read-more\"> <a class=\"\" href=\"https:\/\/store.visasconcept.com\/index.php\/urun\/reyhan-80lik-hazir-banyo-dolabi-duz-lavabolu-ve-aynali\/\"> <span class=\"screen-reader-text\">REYHAN 80&#8217;L\u0130K HAZIR BANYO DOLABI D\u00dcZ LAVABOLU VE AYNALI<\/span> Devam\u0131 &raquo;<\/a><\/p>\n","protected":false},"featured_media":5888,"comment_status":"closed","ping_status":"closed","template":"","meta":{"site-sidebar-layout":"default","site-content-layout":"","ast-site-content-layout":"","site-content-style":"default","site-sidebar-style":"default","ast-global-header-display":"","ast-banner-title-visibility":"","ast-main-header-display":"","ast-hfb-above-header-display":"","ast-hfb-below-header-display":"","ast-hfb-mobile-header-display":"","site-post-title":"","ast-breadcrumbs-content":"","ast-featured-img":"","footer-sml-layout":"","theme-transparent-header-meta":"","adv-header-id-meta":"","stick-header-meta":"","header-above-stick-meta":"","header-main-stick-meta":"","header-below-stick-meta":"","astra-migrate-meta-layouts":""},"product_cat":[34],"product_tag":[],"class_list":["post-5858","product","type-product","status-publish","has-post-thumbnail","hentry","product_cat-banyo-dolaplari","desktop-align-center","tablet-align-center","mobile-align-center"],"_links":{"self":[{"href":"https:\/\/store.visasconcept.com\/index.php\/wp-json\/wp\/v2\/product\/5858","targetHints":{"allow":["GET"]}}],"collection":[{"href":"https:\/\/store.visasconcept.com\/index.php\/wp-json\/wp\/v2\/product"}],"about":[{"href":"https:\/\/store.visasconcept.com\/index.php\/wp-json\/wp\/v2\/types\/product"}],"replies":[{"embeddable":true,"href":"https:\/\/store.visasconcept.com\/index.php\/wp-json\/wp\/v2\/comments?post=5858"}],"wp:featuredmedia":[{"embeddable":true,"href":"https:\/\/store.visasconcept.com\/index.php\/wp-json\/wp\/v2\/media\/5888"}],"wp:attachment":[{"href":"https:\/\/store.visasconcept.com\/index.php\/wp-json\/wp\/v2\/media?parent=5858"}],"wp:term":[{"taxonomy":"product_cat","embeddable":true,"href":"https:\/\/store.visasconcept.com\/index.php\/wp-json\/wp\/v2\/product_cat?post=5858"},{"taxonomy":"product_tag","embeddable":true,"href":"https:\/\/store.visasconcept.com\/index.php\/wp-json\/wp\/v2\/product_tag?post=5858"}],"curies":[{"name":"wp","href":"https:\/\/api.w.org\/{rel}","templated":true}]}}