{"id":5855,"date":"2023-09-05T06:44:15","date_gmt":"2023-09-05T03:44:15","guid":{"rendered":"https:\/\/store.visasconcept.com\/?post_type=product&#038;p=5855"},"modified":"2023-09-05T06:44:34","modified_gmt":"2023-09-05T03:44:34","slug":"240-cm-nurdan-hazir-mutfak-dolabi-aspirator-modullu-parlak-murdum-2","status":"publish","type":"product","link":"https:\/\/store.visasconcept.com\/index.php\/urun\/240-cm-nurdan-hazir-mutfak-dolabi-aspirator-modullu-parlak-murdum-2\/","title":{"rendered":"240 cm NURDAN HAZIR MUTFAK DOLABI ASP\u0130RAT\u00d6R MOD\u00dcLL\u00dc PARLAK M\u00dcRD\u00dcM"},"content":{"rendered":"","protected":false},"excerpt":{"rendered":"","protected":false},"featured_media":5653,"comment_status":"closed","ping_status":"closed","template":"","meta":{"site-sidebar-layout":"default","site-content-layout":"","ast-site-content-layout":"","site-content-style":"default","site-sidebar-style":"default","ast-global-header-display":"","ast-banner-title-visibility":"","ast-main-header-display":"","ast-hfb-above-header-display":"","ast-hfb-below-header-display":"","ast-hfb-mobile-header-display":"","site-post-title":"","ast-breadcrumbs-content":"","ast-featured-img":"","footer-sml-layout":"","theme-transparent-header-meta":"","adv-header-id-meta":"","stick-header-meta":"","header-above-stick-meta":"","header-main-stick-meta":"","header-below-stick-meta":"","astra-migrate-meta-layouts":""},"product_cat":[24],"product_tag":[],"class_list":["post-5855","product","type-product","status-publish","has-post-thumbnail","hentry","product_cat-mutfak","desktop-align-center","tablet-align-center","mobile-align-center"],"_links":{"self":[{"href":"https:\/\/store.visasconcept.com\/index.php\/wp-json\/wp\/v2\/product\/5855","targetHints":{"allow":["GET"]}}],"collection":[{"href":"https:\/\/store.visasconcept.com\/index.php\/wp-json\/wp\/v2\/product"}],"about":[{"href":"https:\/\/store.visasconcept.com\/index.php\/wp-json\/wp\/v2\/types\/product"}],"replies":[{"embeddable":true,"href":"https:\/\/store.visasconcept.com\/index.php\/wp-json\/wp\/v2\/comments?post=5855"}],"wp:featuredmedia":[{"embeddable":true,"href":"https:\/\/store.visasconcept.com\/index.php\/wp-json\/wp\/v2\/media\/5653"}],"wp:attachment":[{"href":"https:\/\/store.visasconcept.com\/index.php\/wp-json\/wp\/v2\/media?parent=5855"}],"wp:term":[{"taxonomy":"product_cat","embeddable":true,"href":"https:\/\/store.visasconcept.com\/index.php\/wp-json\/wp\/v2\/product_cat?post=5855"},{"taxonomy":"product_tag","embeddable":true,"href":"https:\/\/store.visasconcept.com\/index.php\/wp-json\/wp\/v2\/product_tag?post=5855"}],"curies":[{"name":"wp","href":"https:\/\/api.w.org\/{rel}","templated":true}]}}