{"id":5508,"date":"2023-09-05T06:38:25","date_gmt":"2023-09-05T03:38:25","guid":{"rendered":"https:\/\/store.visasconcept.com\/?post_type=product&#038;p=5508"},"modified":"2023-09-05T06:40:40","modified_gmt":"2023-09-05T03:40:40","slug":"260-cm-lale-hazir-mutfak-dolabi-aspirator-modullu-parlak-kirmizi","status":"publish","type":"product","link":"https:\/\/store.visasconcept.com\/index.php\/urun\/260-cm-lale-hazir-mutfak-dolabi-aspirator-modullu-parlak-kirmizi\/","title":{"rendered":"260 cm LALE HAZIR MUTFAK DOLABI ASP\u0130RAT\u00d6R MOD\u00dcLL\u00dc PARLAK KIRMIZI"},"content":{"rendered":"<p><strong>V\u0130SAS CONCEPT _\u00a0260 cm LALE HAZIR MUTFAK DOLABI ASP\u0130RAT\u00d6R MOD\u00dcLL\u00dc PARLAK KIRMIZI<\/strong><\/p>\n<p>&nbsp;<\/p>\n<p><strong><em>T\u00dcM \u00dcR\u00dcNLER\u0130M\u0130ZDE BULA\u015eIK MAK\u0130NEN\u0130Z\u0130 KONUMLANDIRAB\u0130L\u0130RS\u0130N\u0130Z.\u00a0<\/em><\/strong><\/p>\n<p>&nbsp;<\/p>\n<p><strong>\u00dcR\u00dcN \u00d6ZELL\u0130KLER\u0130<\/strong><\/p>\n<p><strong>Ebatlar\u00a0<\/strong>:<\/p>\n<p>\u00dcst Mod\u00fcller :<br \/>\nGeni\u015flik (soldan sa\u011fa) : 60 + 60 + 60 + 80 = 260 cm<br \/>\nDerinlik: 33 cm<br \/>\nY\u00fckseklik: 60 cm<\/p>\n<p>Alt Mod\u00fcller :<br \/>\nGeni\u015flik (soldan sa\u011fa) : F\u0131r\u0131n Bo\u015flu\u011fu + 60 + Makina Bo\u015flu\u011fu + 80 = 260 cm<\/p>\n<p>(Yaln\u0131zca mod\u00fcl geni\u015flikleri : 60 + 80 = 140 cm )<\/p>\n<p>Derinlik: 55 cm<\/p>\n<p>Y\u00fckseklik: 86 cm (91 cm e kadar y\u00fckseltilebilir)<\/p>\n<p>\/\/\/\u00a0<strong>Malzeme\u00a0<\/strong>: G\u00f6vde 18 mm melamin kapl\u0131 1. kalite yonga levha __\u00a0Kapaklar 18 mm parlak HIGH-GLOSS MDF dir. ___<\/p>\n<p>\/\/\/ Kurulum s\u0131ras\u0131nda t\u00fcm mod\u00fcllerin yerleri de\u011fi\u015ftirilerek kullan\u0131labilir. _\u00a0G\u00f6rselde yer alan tezgah, buzdolab\u0131, eviye (lavabo), f\u0131r\u0131n, ocak, bula\u015f\u0131k makinesi, batarya, aspirat\u00f6r vb. \u00fcr\u00fcne dahil de\u011fildir.\u00a0_ Kurulumda gerekli olacak el aletleri d\u0131\u015f\u0131nda t\u00fcm malzemeler (h\u0131rdavatlar) kolilenmi\u015f vaziyette taraf\u0131n\u0131za eksiksiz ula\u015f\u0131r. _ Siyah veya Krom Metal Kulplar, 10 cm beyaz renkte baza \u00fcr\u00fcne dahildir. _ \u00dcr\u00fcnlerimiz karton k\u00f6\u015febent takviyeli \u00e7ift oluklu mukavva kolilerde, demonte olarak, \u00f6zenle paketlenmi\u015f \u015fekilde kap\u0131n\u0131za kadar sevk edilmektedir. _ Mutfak dolaplar\u0131n\u0131z\u0131 profesyonel olarak haz\u0131rlanm\u0131\u015f, kolay anla\u015f\u0131l\u0131r, izahl\u0131 ve g\u00f6rsel kurulum \u015femas\u0131 sayesinde rahatl\u0131kla kurabilirsiniz. _ T\u00fcm levha par\u00e7alar numaraland\u0131r\u0131lm\u0131\u015f olup kurulum \u015femas\u0131na uyumludur. _ Mutfak dolaplar\u0131n\u0131z\u0131n montaj\u0131 daha dayan\u0131kl\u0131 ve stabil olabilmesi i\u00e7in kurulumunda 8mm kavela ve 5 cm vidalar kullan\u0131lmaktad\u0131r. _ \u00dcr\u00fcn kurulumu m\u00fc\u015fteriye aittir. _ Mutfa\u011f\u0131n\u0131z\u0131n ebatlar\u0131na uygun \u015fekilde \u00fcst &#8211; alt mod\u00fcller, kiler veya ankastre mod\u00fcl\u00fc ilave edebilir kendi tasar\u0131m\u0131n\u0131z\u0131 olu\u015fturabilirsiniz.<\/p>\n<p>\/\/\/ MUTFAK DOLAPLARINIZI KEND\u0130N\u0130Z TASARLAYIN VEYA OLU\u015eTURUN &#8211; Dilerseniz bize ula\u015farak tasar\u0131m birimimizden destek alabilir, mutfa\u011f\u0131n\u0131z\u0131n \u00f6l\u00e7\u00fclerine uygun mod\u00fclleri olu\u015fturabilirsiniz.<\/p>\n<p>\/\/\/\u00a0<strong>Kargo ve Teslimat<\/strong>\u00a0: \u00a0Kargonuzu teslim al\u0131rken l\u00fctfen paketleri kontrol ediniz. _ Hasarl\u0131 kargo paketlerini l\u00fctfen teslim almay\u0131n\u0131z. _ \u00dcr\u00fcnde \u00fcretim s\u0131ras\u0131nda meydana gelmi\u015f hatal\u0131 veya hasarl\u0131 par\u00e7a ile kar\u015f\u0131la\u015fman\u0131z halinde yenisi ile de\u011fi\u015fimini sa\u011flayabiliriz. _ Par\u00e7an\u0131n numaras\u0131 ve foto\u011fraf\u0131n\u0131 destek birimimize iletmeniz yeterli olacakt\u0131r.<\/p>\n","protected":false},"excerpt":{"rendered":"<p>V\u0130SAS CONCEPT _\u00a0260 cm LALE HAZIR MUTFAK DOLABI ASP\u0130RAT\u00d6R MOD\u00dcLL\u00dc PARLAK KIRMIZI &nbsp; T\u00dcM \u00dcR\u00dcNLER\u0130M\u0130ZDE BULA\u015eIK MAK\u0130NEN\u0130Z\u0130 KONUMLANDIRAB\u0130L\u0130RS\u0130N\u0130Z.\u00a0 &nbsp; \u00dcR\u00dcN \u00d6ZELL\u0130KLER\u0130 Ebatlar\u00a0: \u00dcst Mod\u00fcller : Geni\u015flik (soldan sa\u011fa) : 60 + 60 + 60 + 80 = 260 cm Derinlik: 33 cm Y\u00fckseklik: 60 cm Alt Mod\u00fcller : Geni\u015flik (soldan sa\u011fa) : F\u0131r\u0131n Bo\u015flu\u011fu + &hellip;<\/p>\n<p class=\"read-more\"> <a class=\"\" href=\"https:\/\/store.visasconcept.com\/index.php\/urun\/260-cm-lale-hazir-mutfak-dolabi-aspirator-modullu-parlak-kirmizi\/\"> <span class=\"screen-reader-text\">260 cm LALE HAZIR MUTFAK DOLABI ASP\u0130RAT\u00d6R MOD\u00dcLL\u00dc PARLAK KIRMIZI<\/span> Devam\u0131 &raquo;<\/a><\/p>\n","protected":false},"featured_media":5596,"comment_status":"closed","ping_status":"closed","template":"","meta":{"site-sidebar-layout":"default","site-content-layout":"","ast-site-content-layout":"","site-content-style":"default","site-sidebar-style":"default","ast-global-header-display":"","ast-banner-title-visibility":"","ast-main-header-display":"","ast-hfb-above-header-display":"","ast-hfb-below-header-display":"","ast-hfb-mobile-header-display":"","site-post-title":"","ast-breadcrumbs-content":"","ast-featured-img":"","footer-sml-layout":"","theme-transparent-header-meta":"","adv-header-id-meta":"","stick-header-meta":"","header-above-stick-meta":"","header-main-stick-meta":"","header-below-stick-meta":"","astra-migrate-meta-layouts":""},"product_cat":[24],"product_tag":[],"class_list":["post-5508","product","type-product","status-publish","has-post-thumbnail","hentry","product_cat-mutfak","desktop-align-center","tablet-align-center","mobile-align-center"],"_links":{"self":[{"href":"https:\/\/store.visasconcept.com\/index.php\/wp-json\/wp\/v2\/product\/5508","targetHints":{"allow":["GET"]}}],"collection":[{"href":"https:\/\/store.visasconcept.com\/index.php\/wp-json\/wp\/v2\/product"}],"about":[{"href":"https:\/\/store.visasconcept.com\/index.php\/wp-json\/wp\/v2\/types\/product"}],"replies":[{"embeddable":true,"href":"https:\/\/store.visasconcept.com\/index.php\/wp-json\/wp\/v2\/comments?post=5508"}],"wp:featuredmedia":[{"embeddable":true,"href":"https:\/\/store.visasconcept.com\/index.php\/wp-json\/wp\/v2\/media\/5596"}],"wp:attachment":[{"href":"https:\/\/store.visasconcept.com\/index.php\/wp-json\/wp\/v2\/media?parent=5508"}],"wp:term":[{"taxonomy":"product_cat","embeddable":true,"href":"https:\/\/store.visasconcept.com\/index.php\/wp-json\/wp\/v2\/product_cat?post=5508"},{"taxonomy":"product_tag","embeddable":true,"href":"https:\/\/store.visasconcept.com\/index.php\/wp-json\/wp\/v2\/product_tag?post=5508"}],"curies":[{"name":"wp","href":"https:\/\/api.w.org\/{rel}","templated":true}]}}